{"id":174,"date":"2022-12-23T12:53:16","date_gmt":"2022-12-23T12:53:16","guid":{"rendered":"https:\/\/esporteseguro.esp.br\/cbkb\/?page_id=174"},"modified":"2025-02-07T09:26:41","modified_gmt":"2025-02-07T12:26:41","slug":"plano-bronze","status":"publish","type":"page","link":"https:\/\/esporteseguro.esp.br\/cbkb\/plano-bronze\/","title":{"rendered":"Plano Bronze"},"content":{"rendered":"<div class=\"wpb-content-wrapper\"><p>[vc_row][vc_column icons_position=&#8221;left&#8221; css=&#8221;.vc_custom_1671753735731{border-bottom-width: 2px !important;}&#8221;][vc_row_inner][vc_column_inner width=&#8221;1\/3&#8243; icons_position=&#8221;left&#8221;][vc_single_image image=&#8221;58&#8243; img_size=&#8221;full&#8221; alignment=&#8221;center&#8221; onclick=&#8221;custom_link&#8221; link=&#8221;https:\/\/esporteseguro.esp.br\/cbkb\/&#8221;][\/vc_column_inner][vc_column_inner width=&#8221;1\/3&#8243; icons_position=&#8221;left&#8221;][vc_custom_heading text=&#8221;ESPORTE SEGURO&#8221; font_container=&#8221;tag:div|font_size:45px|text_align:center|color:%23000000|line_height:50px&#8221; google_fonts=&#8221;font_family:Open%20Sans%20Condensed%3A300%2C300italic%2C700|font_style:700%20bold%20regular%3A700%3Anormal&#8221; css=&#8221;.vc_custom_1671753634356{margin-top: 20px !important;}&#8221;][vc_column_text]<\/p>\n<p style=\"text-align: center;\"><strong>COMO CONTRATAR O PLANO<\/strong><\/p>\n<h6 style=\"text-align: center; margin-top: -25px;\">BRONZE<\/h6>\n<p>[\/vc_column_text][\/vc_column_inner][vc_column_inner width=&#8221;1\/3&#8243; icons_position=&#8221;left&#8221;][vc_single_image image=&#8221;59&#8243; img_size=&#8221;full&#8221; alignment=&#8221;center&#8221;][\/vc_column_inner][\/vc_row_inner][vc_row_inner css=&#8221;.vc_custom_1671758038246{margin-bottom: 0px !important;padding-bottom: 0px !important;}&#8221;][vc_column_inner icons_position=&#8221;left&#8221;][vc_separator color=&#8221;custom&#8221; css=&#8221;.vc_custom_1671753806471{margin-top: 0px !important;margin-bottom: 0px !important;padding-top: 0px !important;padding-bottom: 0px !important;}&#8221; accent_color=&#8221;#dd3333&#8243;][\/vc_column_inner][\/vc_row_inner][\/vc_column][\/vc_row][vc_row][vc_column width=&#8221;1\/4&#8243; icons_position=&#8221;left&#8221;][\/vc_column][vc_column width=&#8221;1\/2&#8243; icons_position=&#8221;left&#8221;][vc_custom_heading text=&#8221;PLANO BRONZE&#8221; font_container=&#8221;tag:h5|font_size:30px|text_align:center|color:%23ffffff&#8221; use_theme_fonts=&#8221;yes&#8221; css=&#8221;.vc_custom_1671800656857{padding-top: 10px !important;padding-bottom: 10px !important;background-color: #c01b17 !important;}&#8221;][vc_column_text css=&#8221;.vc_custom_1672362124041{margin-bottom: 25px !important;}&#8221;]<\/p>\n<p style=\"text-align: center;\"><strong>COBERTURAS<\/strong><\/p>\n<p>[\/vc_column_text][vc_row_inner css=&#8221;.vc_custom_1671802465897{padding-top: 2px !important;padding-bottom: 20px !important;background-color: #efefef !important;}&#8221;][vc_column_inner icons_position=&#8221;left&#8221;][vc_column_text css=&#8221;.vc_custom_1671802036077{padding-top: 20px !important;padding-bottom: 20px !important;background-color: #efefef !important;}&#8221;]<\/p>\n<p style=\"text-align: center;\">Morte Acidental &#8211; Treinamento\/Competi\u00e7\u00e3o<\/p>\n<p>[\/vc_column_text][\/vc_column_inner][vc_column_inner width=&#8221;1\/3&#8243; icons_position=&#8221;left&#8221;][vc_column_text css=&#8221;&#8221;]<\/p>\n<p style=\"text-align: center;\"><strong>Capital Segurado<\/strong><br \/>\nR$20.000,00<\/p>\n<p>[\/vc_column_text][\/vc_column_inner][vc_column_inner width=&#8221;1\/3&#8243; icons_position=&#8221;left&#8221;][vc_column_text]<\/p>\n<p style=\"text-align: center;\"><strong>Valor Di\u00e1ria<\/strong><br \/>\n&#8211;<\/p>\n<p>[\/vc_column_text][\/vc_column_inner][vc_column_inner width=&#8221;1\/3&#8243; icons_position=&#8221;left&#8221;][vc_column_text]<\/p>\n<p style=\"text-align: center;\"><strong># Di\u00e1ria<\/strong><br \/>\n&#8211;<\/p>\n<p>[\/vc_column_text][\/vc_column_inner][\/vc_row_inner][vc_row_inner css=&#8221;.vc_custom_1671802474915{padding-top: 2px !important;padding-bottom: 20px !important;}&#8221;][vc_column_inner icons_position=&#8221;left&#8221;][vc_column_text css=&#8221;.vc_custom_1671801937691{padding-top: 20px !important;padding-bottom: 20px !important;}&#8221;]<\/p>\n<p style=\"text-align: center;\">Invalidez Permanente Total por Acidente &#8211; Treinamento\/Competi\u00e7\u00e3o<\/p>\n<p>[\/vc_column_text][\/vc_column_inner][vc_column_inner width=&#8221;1\/3&#8243; icons_position=&#8221;left&#8221;][vc_column_text css=&#8221;&#8221;]<\/p>\n<p style=\"text-align: center;\"><strong>Capital Segurado<\/strong><br \/>\nR$20.000,00<\/p>\n<p>[\/vc_column_text][\/vc_column_inner][vc_column_inner width=&#8221;1\/3&#8243; icons_position=&#8221;left&#8221;][vc_column_text]<\/p>\n<p style=\"text-align: center;\"><strong>Valor Di\u00e1ria<\/strong><br \/>\n&#8211;<\/p>\n<p>[\/vc_column_text][\/vc_column_inner][vc_column_inner width=&#8221;1\/3&#8243; icons_position=&#8221;left&#8221;][vc_column_text]<\/p>\n<p style=\"text-align: center;\"><strong># Di\u00e1ria<\/strong><br \/>\n&#8211;<\/p>\n<p>[\/vc_column_text][\/vc_column_inner][\/vc_row_inner][vc_row_inner css=&#8221;.vc_custom_1671802465897{padding-top: 2px !important;padding-bottom: 20px !important;background-color: #efefef !important;}&#8221;][vc_column_inner icons_position=&#8221;left&#8221;][vc_column_text css=&#8221;.vc_custom_1671802659911{padding-top: 20px !important;padding-bottom: 20px !important;background-color: #efefef !important;}&#8221;]<\/p>\n<p style=\"text-align: center;\">Di\u00e1ria de Interna\u00e7\u00e3o Hospitalar por Acidente &#8211; Treinamento\/Competi\u00e7\u00e3o<\/p>\n<p>[\/vc_column_text][\/vc_column_inner][vc_column_inner width=&#8221;1\/3&#8243; icons_position=&#8221;left&#8221;][vc_column_text]<\/p>\n<p style=\"text-align: center;\"><strong>Capital Segurado<\/strong><br \/>\nR$5.000,00<\/p>\n<p>[\/vc_column_text][\/vc_column_inner][vc_column_inner width=&#8221;1\/3&#8243; icons_position=&#8221;left&#8221;][vc_column_text]<\/p>\n<p style=\"text-align: center;\"><strong>Valor Di\u00e1ria<\/strong><br \/>\nR$167,00<\/p>\n<p>[\/vc_column_text][\/vc_column_inner][vc_column_inner width=&#8221;1\/3&#8243; icons_position=&#8221;left&#8221;][vc_column_text]<\/p>\n<p style=\"text-align: center;\"><strong># Di\u00e1ria<\/strong><br \/>\nAt\u00e9 30<\/p>\n<p>[\/vc_column_text][\/vc_column_inner][\/vc_row_inner][\/vc_column][vc_column width=&#8221;1\/4&#8243; icons_position=&#8221;left&#8221;][\/vc_column][\/vc_row][vc_row full_width=&#8221;stretch_row&#8221; css=&#8221;.vc_custom_1671757740716{border-top-width: 1px !important;border-right-width: 1px !important;border-bottom-width: 1px !important;border-left-width: 1px !important;padding-right: 10px !important;padding-left: 10px !important;border-left-color: #c6c6c6 !important;border-right-color: #c6c6c6 !important;border-top-color: #c6c6c6 !important;border-bottom-color: #c6c6c6 !important;}&#8221;][vc_column icons_position=&#8221;left&#8221; css=&#8221;.vc_custom_1671803005197{margin-bottom: 35px !important;}&#8221;][vc_separator color=&#8221;mulled_wine&#8221; border_width=&#8221;2&#8243; css=&#8221;.vc_custom_1671758180694{margin-top: 0px !important;margin-bottom: 0px !important;padding-top: 0px !important;padding-bottom: 0px !important;}&#8221;][\/vc_column][vc_column width=&#8221;1\/6&#8243; fix_column=&#8221;&#8221; icons_position=&#8221;left&#8221; css=&#8221;.vc_custom_1671757559234{margin-top: 30px !important;border-top-width: 1px !important;border-right-width: 1px !important;border-bottom-width: 1px !important;border-left-width: 1px !important;background-color: #ffffff !important;border-left-color: #e5e5e5 !important;border-left-style: s\u00f3lido !important;border-right-color: #e5e5e5 !important;border-right-style: s\u00f3lido !important;border-top-color: #e5e5e5 !important;border-top-style: s\u00f3lido !important;border-bottom-color: #e5e5e5 !important;border-bottom-style: s\u00f3lido !important;}&#8221;][\/vc_column][vc_column width=&#8221;2\/3&#8243; icons_position=&#8221;left&#8221;][vc_column_text]<strong>Morte Acidental em Treinamento ou Competi\u00e7\u00e3o Oficial<\/strong>: Garante ao(s) benefici\u00e1rio(s) o pagamento do capital segurado individual contratado para esta garantia, em caso de Morte Acidental do Segurado Principal em Treinamento ou Competi\u00e7\u00e3o Oficial, decorrente, exclusivamente, de acidente pessoal coberto, exceto na(s) hip\u00f3tese(s) dos riscos exclu\u00eddos, conforme previs\u00e3o nas Condi\u00e7\u00f5es Gerais e Especiais do Seguro, cujas cl\u00e1usulas devem ser integralmente observadas.<\/p>\n<p><strong>Invalidez Permanente Total por Acidente em Treinamento ou Competi\u00e7\u00e3o Oficial<\/strong>: Garante ao pr\u00f3prio Segurado o pagamento de uma indeniza\u00e7\u00e3o, at\u00e9 o limite do capital segurado individual contratado, em caso de invalidez total por acidente ocorrido em Treinamento ou Competi\u00e7\u00e3o Oficial, decorrente, exclusivamente, de acidente pessoal coberto, ocorrido com o Segurado Principal, exceto na(s) hip\u00f3tese(s) dos riscos exclu\u00eddos, conforme previs\u00e3o nas Condi\u00e7\u00f5es Gerais e Especiais do Seguro, cujas cl\u00e1usulas devem ser integralmente observadas.<\/p>\n<p><strong>Di\u00e1ria de Interna\u00e7\u00e3o Hospitalar em caso de Acidente em Treinamento ou Competi\u00e7\u00e3o Oficial<\/strong>: Garante ao Segurado o pagamento de uma indeniza\u00e7\u00e3o, em caso de sua hospitaliza\u00e7\u00e3o causada por acidente pessoal coberto ocorrido em Treinamento ou Competi\u00e7\u00e3o Oficial, exceto na(s) hip\u00f3tese(s) dos riscos exclu\u00eddos, conforme previs\u00e3o nas Condi\u00e7\u00f5es Gerais e Especiais do Seguro, cujas cl\u00e1usulas devem ser integralmente observadas As indeniza\u00e7\u00f5es previstas nesta Cl\u00e1usula ser\u00e3o devidas ap\u00f3s decorrido o per\u00edodo de Franquia 12 horas) e respeitado o Limite M\u00e1ximo de Di\u00e1rias Indeniz\u00e1veis.[\/vc_column_text][\/vc_column][vc_column width=&#8221;1\/6&#8243; icons_position=&#8221;left&#8221; css=&#8221;.vc_custom_1671758233530{margin-top: 0px !important;margin-bottom: 10px !important;}&#8221;][\/vc_column][\/vc_row][vc_row css=&#8221;.vc_custom_1671758223280{margin-top: 30px !important;}&#8221;][vc_column icons_position=&#8221;left&#8221;][vc_empty_space height=&#8221;52px&#8221; hide_on_desktop=&#8221;&#8221; hide_on_notebook=&#8221;&#8221; hide_on_tablet=&#8221;&#8221; hide_on_mobile=&#8221;&#8221;][\/vc_column][\/vc_row][vc_row css=&#8221;.vc_custom_1671799678256{margin-bottom: 35px !important;}&#8221;][vc_column width=&#8221;1\/6&#8243; icons_position=&#8221;left&#8221;][\/vc_column][vc_column width=&#8221;2\/3&#8243; icons_position=&#8221;left&#8221;][vc_column_text css=&#8221;.vc_custom_1672363204274{padding-top: 20px !important;padding-bottom: 30px !important;}&#8221;]<\/p>\n<p style=\"text-align: center;\"><span style=\"color: #ff0000;\"><strong>Siga as etapas abaixo para contratar o plano Bronze:<\/strong><\/span><\/p>\n<p>[\/vc_column_text][vc_column_text css=&#8221;.vc_custom_1738931050568{margin-right: 10px !important;margin-left: 10px !important;}&#8221;]<strong>1<\/strong>. Preencher os teus dados no Formul\u00e1rio anexo fa\u00e7a Download do: (<a href=\"https:\/\/esporteseguro.esp.br\/cbkb\/wp-content\/uploads\/2022\/12\/bronze.docx\" target=\"_blank\" rel=\"noopener\"><span style=\"color: #ff0000;\">DOWNLOAD DOC<\/span><\/a>)<br \/>\n<strong>2<\/strong>. Imprimir e assinar o Formul\u00e1rio nos dois campos de assinatura e escanear o documento,<b>em caso de menor de 18 anos, a proposta deve ser assinada pelo pa\u00eds ou pelo respons\u00e1vel legal.<\/b><br \/>\n<strong>3<\/strong>. Efetuar o pagamento, no valor de R$ 45,50\/Ano, para confederacao de Kickboxing, conforme dados abaixo:<br \/>\nBANCO DO BRASIL Ag\u00eancia 5853-X Conta Corrente 10759-X ou<br \/>\nPIX.CNPJ 00.217.651.0001.38<br \/>\n<strong>4<\/strong>. Para validar a cobertura, preencher todas as informa\u00e7\u00f5es do quadro abaixo, incluindo eletronicamente a proposta assinada e o comprovante de pagamento.<br \/>\n<strong>5<\/strong>. No campo do Formulario &#8220;inicio de vig\u00eancia proposto &#8221; (as 24h de __ \/ __ \/ __ ), colocar a mesma data da assinatura do Formul\u00e1rio.[\/vc_column_text][vc_empty_space height=&#8221;40px&#8221; hide_on_desktop=&#8221;&#8221; hide_on_notebook=&#8221;&#8221; hide_on_tablet=&#8221;&#8221; hide_on_mobile=&#8221;&#8221; css=&#8221;.vc_custom_1672362702936{padding-top: 10px !important;padding-bottom: 10px !important;}&#8221;][vc_row_inner css=&#8221;.vc_custom_1671804434007{padding-top: 20px !important;padding-right: 20px !important;padding-bottom: 20px !important;padding-left: 20px !important;background-color: #dd0808 !important;}&#8221;][vc_column_inner icons_position=&#8221;left&#8221;]\n<div class=\"wpcf7 no-js\" id=\"wpcf7-f5-o1\" lang=\"pt-BR\" dir=\"ltr\" data-wpcf7-id=\"5\">\n<div class=\"screen-reader-response\"><p role=\"status\" aria-live=\"polite\" aria-atomic=\"true\"><\/p> <ul><\/ul><\/div>\n<form action=\"\/cbkb\/wp-json\/wp\/v2\/pages\/174#wpcf7-f5-o1\" method=\"post\" class=\"wpcf7-form init\" aria-label=\"Formul\u00e1rios de contato\" enctype=\"multipart\/form-data\" novalidate=\"novalidate\" data-status=\"init\">\n<div style=\"display: none;\">\n<input type=\"hidden\" name=\"_wpcf7\" value=\"5\" \/>\n<input type=\"hidden\" name=\"_wpcf7_version\" value=\"6.0.6\" \/>\n<input type=\"hidden\" name=\"_wpcf7_locale\" value=\"pt_BR\" \/>\n<input type=\"hidden\" name=\"_wpcf7_unit_tag\" value=\"wpcf7-f5-o1\" \/>\n<input type=\"hidden\" name=\"_wpcf7_container_post\" value=\"0\" \/>\n<input type=\"hidden\" name=\"_wpcf7_posted_data_hash\" value=\"\" \/>\n<\/div>\n<div class=\"columns_wrap\">\n\t<div class=\"column-1_2\">\n\t\t<p><span class=\"wpcf7-form-control-wrap\"><span class=\"wpcf7-form-control-wrap\" data-name=\"nome\"><input size=\"40\" maxlength=\"400\" class=\"wpcf7-form-control wpcf7-text wpcf7-validates-as-required\" aria-required=\"true\" aria-invalid=\"false\" placeholder=\"Nome Completo\" value=\"\" type=\"text\" name=\"nome\" \/><\/span><\/span>\n\t\t<\/p>\n\t\t<p><span class=\"wpcf7-form-control-wrap\"><span class=\"wpcf7-form-control-wrap\" data-name=\"tel\"><input size=\"40\" maxlength=\"400\" class=\"wpcf7-form-control wpcf7-text wpcf7-validates-as-required\" aria-required=\"true\" aria-invalid=\"false\" placeholder=\"DDD+Telefone\" value=\"\" type=\"text\" name=\"tel\" \/><\/span><\/span><br \/>\n<span class=\"wpcf7-form-control-wrap\"><\/span>\n\t\t<\/p>\n\t\t<p style=\"color:#fff;\">Anexar DOC Assinado<br \/>\n(Somente docx, doc, pdf, jpg, png, pdf) M\u00e1x: 3Mb\n\t\t<\/p>\n\t\t<p><span class=\"wpcf7-form-control-wrap\" data-name=\"doc\"><input size=\"40\" class=\"wpcf7-form-control wpcf7-file wpcf7-validates-as-required\" accept=\".docx,.doc,.pdf,.jpg,.png\" aria-required=\"true\" aria-invalid=\"false\" type=\"file\" name=\"doc\" \/><\/span>\n\t\t<\/p>\n\t<\/div>\n\t<div class=\"column-1_2\">\n\t\t<p><span class=\"wpcf7-form-control-wrap\"><span class=\"wpcf7-form-control-wrap\" data-name=\"email\"><input size=\"40\" maxlength=\"400\" class=\"wpcf7-form-control wpcf7-email wpcf7-validates-as-required wpcf7-text wpcf7-validates-as-email\" aria-required=\"true\" aria-invalid=\"false\" placeholder=\"Seu Email\" value=\"\" type=\"email\" name=\"email\" \/><\/span><\/span>\n\t\t<\/p>\n\t\t<p><span class=\"wpcf7-form-control-wrap\"><span class=\"wpcf7-form-control-wrap\" data-name=\"cpf\"><input size=\"40\" maxlength=\"400\" class=\"wpcf7-form-control wpcf7-text wpcf7-validates-as-required\" aria-required=\"true\" aria-invalid=\"false\" placeholder=\"Seu CPF\" value=\"\" type=\"text\" name=\"cpf\" \/><\/span><\/span><br \/>\n<span class=\"wpcf7-form-control-wrap\" style=\"color:#fff;\"><\/span>\n\t\t<\/p>\n\t\t<p style=\"color:#fff;\">Anexar Comprovante de Pagamento<br \/>\n(Somente pdf, jpg, png, jpeg) M\u00e1x: 3Mb\n\t\t<\/p>\n\t\t<p><span class=\"wpcf7-form-control-wrap\" data-name=\"deposito\"><input size=\"40\" class=\"wpcf7-form-control wpcf7-file wpcf7-validates-as-required\" accept=\".pdf,.jpg,.png,.jpeg\" aria-required=\"true\" aria-invalid=\"false\" type=\"file\" name=\"deposito\" \/><\/span>\n\t\t<\/p>\n\t<\/div>\n\t<div class=\"column-1_1\">\n\t\t<p><span class=\"wpcf7-form-control-wrap\" data-name=\"your-message\"><textarea cols=\"40\" rows=\"10\" maxlength=\"2000\" class=\"wpcf7-form-control wpcf7-textarea\" aria-invalid=\"false\" placeholder=\"Observa\u00e7\u00f5es:\" name=\"your-message\"><\/textarea><\/span>\n\t\t<\/p>\n\t\t<p><span class=\"wpcf7-form-control-wrap\" style=\"color:#fff;\"><span class=\"wpcf7-form-control-wrap\" data-name=\"acceptance-895\"><span class=\"wpcf7-form-control wpcf7-acceptance\"><span class=\"wpcf7-list-item\"><label><input type=\"checkbox\" name=\"acceptance-895\" value=\"1\" aria-invalid=\"false\" \/><span class=\"wpcf7-list-item-label\"><p style=\"color:#fff;\">Li e aceito os termos da <a target=\"_blank\" style=\"color:#fff;\" href=\"https:\/\/esporteseguro.esp.br\/cbkb\/politica-de-privacidade\/\">Pol\u00edtica de Privacidade e cookies<\/a>.<\/span><\/span><\/label><\/span><\/span><\/span><\/span>\n\t\t<\/p>\n\t\t<p><input class=\"wpcf7-form-control wpcf7-submit has-spinner\" type=\"submit\" value=\"Enviar Proposta\" \/>\n\t\t<\/p>\n\t<\/div>\n<\/div><div class=\"wpcf7-response-output\" aria-hidden=\"true\"><\/div>\n<\/form>\n<\/div>\n[\/vc_column_inner][\/vc_row_inner][vc_empty_space height=&#8221;40px&#8221; hide_on_desktop=&#8221;&#8221; hide_on_notebook=&#8221;&#8221; hide_on_tablet=&#8221;&#8221; hide_on_mobile=&#8221;&#8221;][\/vc_column][vc_column width=&#8221;1\/6&#8243; icons_position=&#8221;left&#8221;][\/vc_column][\/vc_row][vc_row css=&#8221;.vc_custom_1671795967666{padding-top: 60px !important;padding-bottom: 50px !important;background-image: url(https:\/\/esporteseguro.esp.br\/cbkb\/wp-content\/uploads\/2022\/12\/BG2.jpg?id=135) !important;background-position: top center !important;background-repeat: no-repeat !important;background-size: cover !important;}&#8221;][vc_column width=&#8221;1\/6&#8243; icons_position=&#8221;left&#8221;][\/vc_column][vc_column width=&#8221;2\/3&#8243; icons_position=&#8221;left&#8221;][vc_empty_space hide_on_desktop=&#8221;&#8221; hide_on_notebook=&#8221;&#8221; hide_on_tablet=&#8221;&#8221; hide_on_mobile=&#8221;&#8221;][vc_row_inner gap=&#8221;15&#8243;][vc_column_inner width=&#8221;1\/2&#8243; icons_position=&#8221;left&#8221; css=&#8221;.vc_custom_1671796430541{margin-top: 10px !important;padding-top: 10px !important;padding-bottom: 30px !important;}&#8221;][vc_column_text css=&#8221;.vc_custom_1671796468408{margin-right: 10px !important;margin-bottom: 0px !important;margin-left: 10px !important;padding-top: 10px !important;}&#8221;]<span style=\"color: #ffffff; font-size: 25px;\">Porque a Generali<\/span><\/p>\n<div style=\"height: 30px;\"><\/div>\n<p><span style=\"color: #ffffff; font-size: 45px; margin-top: 40px;\">Trieste, It\u00e1lia<\/span>[\/vc_column_text][vc_custom_heading text=&#8221;Onde tudo come\u00e7ou.&#8221; font_container=&#8221;tag:h2|font_size:60px|text_align:left|color:%23ffffff&#8221; use_theme_fonts=&#8221;yes&#8221; css=&#8221;.vc_custom_1671796503219{margin-top: 10px !important;margin-left: 10px !important;padding-top: 10px !important;}&#8221;][\/vc_column_inner][vc_column_inner width=&#8221;1\/2&#8243; icons_position=&#8221;left&#8221; css=&#8221;.vc_custom_1671794923274{padding-top: 40px !important;padding-bottom: 40px !important;background-color: #b91910 !important;}&#8221;][vc_column_text css=&#8221;.vc_custom_1671809821886{margin-right: 15px !important;margin-left: 15px !important;padding-top: 50px !important;padding-right: 10px !important;padding-left: 10px !important;}&#8221;]<\/p>\n<div align=\"justify\">\n<p><span style=\"color: #ffffff;\"><strong>Fundada em 1831 a Generali \u00e9 uma das maiores companhias de seguro do mundo, presente em mais de 50 pa\u00edses.<\/strong><\/span><\/p>\n<p><span style=\"color: #ffffff;\"><strong>Temos uma posi\u00e7\u00e3o de lideran\u00e7a na Europa e presen\u00e7a crescente na \u00c1sia e na Am\u00e9rica Latina.<\/strong><\/span><\/p>\n<p><span style=\"color: #ffffff;\"><strong>Realiza\u00e7\u00f5es inovadoras est\u00e3o no DNA da Generali Somos pioneiros em solu\u00e7\u00f5es de seguros para nossos clientes, desde a cobertura do <\/strong><\/span><span style=\"color: #ffffff;\"><strong>primeiro astronauta italiano at\u00e9 a elabora\u00e7\u00e3o do primeiro seguro cibern\u00e9tico.<\/strong><\/span><\/p>\n<\/div>\n<p>[\/vc_column_text][\/vc_column_inner][\/vc_row_inner][vc_single_image image=&#8221;161&#8243; img_size=&#8221;full&#8221; alignment=&#8221;right&#8221;][\/vc_column][vc_column width=&#8221;1\/6&#8243; icons_position=&#8221;left&#8221;][\/vc_column][\/vc_row][vc_row][vc_column icons_position=&#8221;left&#8221;][vc_empty_space height=&#8221;52px&#8221; hide_on_desktop=&#8221;&#8221; hide_on_notebook=&#8221;&#8221; hide_on_tablet=&#8221;&#8221; hide_on_mobile=&#8221;&#8221;][\/vc_column][\/vc_row][vc_row][vc_column icons_position=&#8221;left&#8221;][vc_row_inner][vc_column_inner icons_position=&#8221;left&#8221;][vc_custom_heading text=&#8221;Generali patrocinadora da atividade esportiva.&#8221; font_container=&#8221;tag:h3|font_size:25px|text_align:center|color:%23dd0b0b&#8221; google_fonts=&#8221;font_family:Open%20Sans%20Condensed%3A300%2C300italic%2C700|font_style:300%20light%20regular%3A300%3Anormal&#8221; css=&#8221;.vc_custom_1671798532047{margin-top: 0px !important;margin-right: 10px !important;margin-bottom: 15px !important;margin-left: 10px !important;padding-top: 0px !important;padding-bottom: 0px !important;}&#8221;][\/vc_column_inner][vc_column_inner width=&#8221;1\/3&#8243; icons_position=&#8221;left&#8221;][vc_single_image image=&#8221;163&#8243; img_size=&#8221;full&#8221; alignment=&#8221;center&#8221;][\/vc_column_inner][vc_column_inner width=&#8221;1\/3&#8243; icons_position=&#8221;left&#8221;][vc_single_image image=&#8221;164&#8243; img_size=&#8221;full&#8221; alignment=&#8221;center&#8221;][\/vc_column_inner][vc_column_inner width=&#8221;1\/3&#8243; icons_position=&#8221;left&#8221;][vc_single_image image=&#8221;165&#8243; img_size=&#8221;full&#8221; alignment=&#8221;center&#8221;][\/vc_column_inner][\/vc_row_inner][\/vc_column][\/vc_row][vc_row][vc_column icons_position=&#8221;left&#8221;][vc_empty_space height=&#8221;52px&#8221; hide_on_desktop=&#8221;&#8221; hide_on_notebook=&#8221;&#8221; hide_on_tablet=&#8221;&#8221; hide_on_mobile=&#8221;&#8221;][\/vc_column][\/vc_row][vc_row][vc_column icons_position=&#8221;left&#8221;][vc_single_image image=&#8221;169&#8243; img_size=&#8221;full&#8221; alignment=&#8221;center&#8221;][\/vc_column][\/vc_row][vc_row][vc_column icons_position=&#8221;left&#8221;][vc_empty_space height=&#8221;52px&#8221; hide_on_desktop=&#8221;&#8221; hide_on_notebook=&#8221;&#8221; hide_on_tablet=&#8221;&#8221; hide_on_mobile=&#8221;&#8221;][\/vc_column][\/vc_row][vc_row][vc_column icons_position=&#8221;left&#8221;][vc_single_image image=&#8221;171&#8243; img_size=&#8221;full&#8221; alignment=&#8221;center&#8221;][\/vc_column][\/vc_row]<\/p>\n<\/div>","protected":false},"excerpt":{"rendered":"<p>[vc_row][vc_column icons_position=&#8221;left&#8221; css=&#8221;.vc_custom_1671753735731{border-bottom-width: 2px !important;}&#8221;][vc_row_inner][vc_column_inner width=&#8221;1\/3&#8243; icons_position=&#8221;left&#8221;][vc_single_image image=&#8221;58&#8243; img_size=&#8221;full&#8221; alignment=&#8221;center&#8221; onclick=&#8221;custom_link&#8221; link=&#8221;https:\/\/esporteseguro.esp.br\/cbkb\/&#8221;][\/vc_column_inner][vc_column_inner width=&#8221;1\/3&#8243; icons_position=&#8221;left&#8221;][vc_custom_heading text=&#8221;ESPORTE SEGURO&#8221; font_container=&#8221;tag:div|font_size:45px|text_align:center|color:%23000000|line_height:50px&#8221; google_fonts=&#8221;font_family:Open%20Sans%20Condensed%3A300%2C300italic%2C700|font_style:700%20bold%20regular%3A700%3Anormal&#8221; css=&#8221;.vc_custom_1671753634356{margin-top: 20px&hellip;<\/p>\n","protected":false},"author":1,"featured_media":0,"parent":0,"menu_order":0,"comment_status":"closed","ping_status":"closed","template":"blank-slate-template.php","meta":{"footnotes":""},"class_list":["post-174","page","type-page","status-publish","hentry"],"_links":{"self":[{"href":"https:\/\/esporteseguro.esp.br\/cbkb\/wp-json\/wp\/v2\/pages\/174","targetHints":{"allow":["GET"]}}],"collection":[{"href":"https:\/\/esporteseguro.esp.br\/cbkb\/wp-json\/wp\/v2\/pages"}],"about":[{"href":"https:\/\/esporteseguro.esp.br\/cbkb\/wp-json\/wp\/v2\/types\/page"}],"author":[{"embeddable":true,"href":"https:\/\/esporteseguro.esp.br\/cbkb\/wp-json\/wp\/v2\/users\/1"}],"replies":[{"embeddable":true,"href":"https:\/\/esporteseguro.esp.br\/cbkb\/wp-json\/wp\/v2\/comments?post=174"}],"version-history":[{"count":54,"href":"https:\/\/esporteseguro.esp.br\/cbkb\/wp-json\/wp\/v2\/pages\/174\/revisions"}],"predecessor-version":[{"id":391,"href":"https:\/\/esporteseguro.esp.br\/cbkb\/wp-json\/wp\/v2\/pages\/174\/revisions\/391"}],"wp:attachment":[{"href":"https:\/\/esporteseguro.esp.br\/cbkb\/wp-json\/wp\/v2\/media?parent=174"}],"curies":[{"name":"wp","href":"https:\/\/api.w.org\/{rel}","templated":true}]}}