{"id":455,"date":"2023-08-31T07:47:19","date_gmt":"2023-08-31T10:47:19","guid":{"rendered":"https:\/\/esporteseguro.esp.br\/karate-fmk\/?page_id=455"},"modified":"2024-04-24T17:24:10","modified_gmt":"2024-04-24T20:24:10","slug":"plano-base","status":"publish","type":"page","link":"https:\/\/esporteseguro.esp.br\/karate-fmk\/plano-base\/","title":{"rendered":"Plano Base"},"content":{"rendered":"<div class=\"wpb-content-wrapper\"><p>[vc_row][vc_column icons_position=&#8221;left&#8221; css=&#8221;.vc_custom_1671753735731{border-bottom-width: 2px !important;}&#8221;][vc_row_inner][vc_column_inner width=&#8221;1\/3&#8243; icons_position=&#8221;left&#8221;][vc_single_image image=&#8221;58&#8243; img_size=&#8221;full&#8221; alignment=&#8221;center&#8221; onclick=&#8221;custom_link&#8221; link=&#8221;https:\/\/esporteseguro.esp.br\/karate-fmk\/&#8221;][\/vc_column_inner][vc_column_inner width=&#8221;1\/3&#8243; icons_position=&#8221;left&#8221;][vc_custom_heading text=&#8221;ESPORTE SEGURO&#8221; font_container=&#8221;tag:div|font_size:45px|text_align:center|color:%23000000|line_height:50px&#8221; google_fonts=&#8221;font_family:Open%20Sans%20Condensed%3A300%2C300italic%2C700|font_style:700%20bold%20regular%3A700%3Anormal&#8221; css=&#8221;.vc_custom_1671753634356{margin-top: 20px !important;}&#8221;][vc_column_text]<\/p>\n<p style=\"text-align: center;\"><strong>COMO CONTRATAR O PLANO<\/strong><\/p>\n<h6 style=\"text-align: center; margin-top: -25px;\">BASE<\/h6>\n<p>[\/vc_column_text][\/vc_column_inner][vc_column_inner width=&#8221;1\/3&#8243; icons_position=&#8221;left&#8221;][vc_single_image image=&#8221;379&#8243; img_size=&#8221;full&#8221; alignment=&#8221;center&#8221;][\/vc_column_inner][vc_column_inner icons_position=&#8221;left&#8221; css=&#8221;.vc_custom_1693479622440{margin-top: 20px !important;margin-bottom: 20px !important;}&#8221;][vc_separator color=&#8221;custom&#8221; accent_color=&#8221;#dd3333&#8243; css=&#8221;.vc_custom_1671753806471{margin-top: 0px !important;margin-bottom: 0px !important;padding-top: 0px !important;padding-bottom: 0px !important;}&#8221;][\/vc_column_inner][\/vc_row_inner][vc_column_inner width=&#8221;1\/6&#8243; icons_position=&#8221;left&#8221;][\/vc_column_inner][\/vc_column][\/vc_row][vc_row][vc_column width=&#8221;1\/6&#8243; icons_position=&#8221;left&#8221;][\/vc_column][vc_column width=&#8221;2\/3&#8243; icons_position=&#8221;left&#8221;][vc_column_text]O plano anual do seguro BASE\u00a0 oferece cobertura em situa\u00e7\u00f5es de acidentes durante competi\u00e7\u00f5es ou treinamentos.<\/p>\n<p><strong>Exclusivamente<\/strong> para este plano Base em particular, a Federa\u00e7\u00e3o se encarregar\u00e1 de transmitir as ap\u00f3lices, diretamente por meio da lista de seus pr\u00f3prios membros, de forma que ele passe a fazer parte da federa\u00e7\u00e3o. A Generali Seguros,successivamente, enviar\u00e1 certificados de seguro por e-mail para ossegurados listados, ap\u00f3s a conclus\u00e3o da compra ou renova\u00e7\u00e3o do seguro, pare este plano Base e\u00a0 assim como para outros <span style=\"color: #ff0000;\"><strong><span style=\"color: #ff0000;\"><a style=\"color: #ff0000;\" href=\"https:\/\/esporteseguro.esp.br\/karate-fmk\/plano-bronze\/\">Bronze<\/a> <a style=\"color: #ff0000;\" href=\"https:\/\/esporteseguro.esp.br\/karate-fmk\/plano-prata\/\">Prata<\/a><\/span> e <span style=\"color: #ff0000;\"><a style=\"color: #ff0000;\" href=\"https:\/\/esporteseguro.esp.br\/karate-fmk\/plano-ouro\/\">Ouro<\/a><\/span><\/strong><\/span>.[\/vc_column_text][\/vc_column][vc_column width=&#8221;1\/6&#8243; icons_position=&#8221;left&#8221;][\/vc_column][\/vc_row][vc_row css=&#8221;.vc_custom_1693479701954{margin-top: 30px !important;}&#8221;][vc_column width=&#8221;1\/4&#8243; icons_position=&#8221;left&#8221;][\/vc_column][vc_column width=&#8221;1\/2&#8243; icons_position=&#8221;left&#8221;][vc_single_image image=&#8221;458&#8243; img_size=&#8221;full&#8221; alignment=&#8221;center&#8221;][vc_column_text css=&#8221;.vc_custom_1693479657606{margin-bottom: 25px !important;}&#8221;]<\/p>\n<h5 style=\"text-align: center;\"><span style=\"color: #ff0000;\"><strong>USO EXCLUSIVO DA FEDERA\u00c7\u00c3O<\/strong><\/span><\/h5>\n<p style=\"text-align: center;\">Siga as etapas abaixo para ativar o Plano Base:<\/p>\n<p>[\/vc_column_text][vc_row_inner css=&#8221;.vc_custom_1693480680519{padding-top: 20px !important;padding-right: 20px !important;padding-bottom: 20px !important;padding-left: 20px !important;}&#8221;][vc_column_inner width=&#8221;1\/4&#8243; icons_position=&#8221;left&#8221;][\/vc_column_inner][vc_column_inner width=&#8221;1\/2&#8243; icons_position=&#8221;left&#8221; css=&#8221;.vc_custom_1693480799463{padding-top: 20px !important;padding-bottom: 20px !important;background-color: #dd0000 !important;}&#8221;][vc_column_text css=&#8221;.vc_custom_1713990007687{margin-top: 20px !important;padding-top: 10px !important;padding-right: 10px !important;padding-bottom: 10px !important;padding-left: 10px !important;background-color: #ffffff !important;}&#8221;]<\/p>\n<p style=\"text-align: center;\"><a href=\"https:\/\/esporteseguro.esp.br\/karate-fmk\/wp-content\/uploads\/2024\/04\/Planiha-Inscritos-Federacao-Minera-de-Karate.xlsx\"><span style=\"color: #ff0000;\"><strong><span style=\"color: #ff0000;\">DOWNLOAD DO DOCUMENTO<\/span><\/strong><\/span><\/a><\/p>\n<p>[\/vc_column_text][vc_column_text css=&#8221;.vc_custom_1693480972368{margin-top: 20px !important;padding-top: 10px !important;padding-bottom: 10px !important;background-color: #ffffff !important;}&#8221;]<\/p>\n<p style=\"text-align: center;\"><span style=\"color: #ff0000;\"><strong><span style=\"color: #ff0000;\">PREENCHA E ANEXE O DOCUMENTO<\/span><\/strong><\/span><\/p>\n<p>[\/vc_column_text][vc_empty_space hide_on_desktop=&#8221;&#8221; hide_on_notebook=&#8221;&#8221; hide_on_tablet=&#8221;&#8221; hide_on_mobile=&#8221;&#8221;]\n<div class=\"wpcf7 no-js\" id=\"wpcf7-f482-o1\" lang=\"pt-BR\" dir=\"ltr\" data-wpcf7-id=\"482\">\n<div class=\"screen-reader-response\"><p role=\"status\" aria-live=\"polite\" aria-atomic=\"true\"><\/p> <ul><\/ul><\/div>\n<form action=\"\/karate-fmk\/wp-json\/wp\/v2\/pages\/455#wpcf7-f482-o1\" method=\"post\" class=\"wpcf7-form init\" aria-label=\"Formul\u00e1rios de contato\" enctype=\"multipart\/form-data\" novalidate=\"novalidate\" data-status=\"init\">\n<div style=\"display: none;\">\n<input type=\"hidden\" name=\"_wpcf7\" value=\"482\" \/>\n<input type=\"hidden\" name=\"_wpcf7_version\" value=\"6.0.6\" \/>\n<input type=\"hidden\" name=\"_wpcf7_locale\" value=\"pt_BR\" \/>\n<input type=\"hidden\" name=\"_wpcf7_unit_tag\" value=\"wpcf7-f482-o1\" \/>\n<input type=\"hidden\" name=\"_wpcf7_container_post\" value=\"0\" \/>\n<input type=\"hidden\" name=\"_wpcf7_posted_data_hash\" value=\"\" \/>\n<\/div>\n<p><span class=\"wpcf7-form-control-wrap\" data-name=\"anexo\"><input size=\"40\" class=\"wpcf7-form-control wpcf7-file wpcf7-validates-as-required\" accept=\".xlsx,.xls\" aria-required=\"true\" aria-invalid=\"false\" type=\"file\" name=\"anexo\" \/><\/span>\n<\/p>\n<p><input class=\"wpcf7-form-control wpcf7-submit has-spinner\" type=\"submit\" value=\"Enviar\" \/>\n<\/p><div class=\"wpcf7-response-output\" aria-hidden=\"true\"><\/div>\n<\/form>\n<\/div>\n[\/vc_column_inner][vc_column_inner width=&#8221;1\/4&#8243; icons_position=&#8221;left&#8221;][\/vc_column_inner][\/vc_row_inner][\/vc_column][vc_column width=&#8221;1\/4&#8243; icons_position=&#8221;left&#8221;][\/vc_column][\/vc_row][vc_row full_width=&#8221;stretch_row&#8221; css=&#8221;.vc_custom_1672878781561{border-top-width: 1px !important;border-right-width: 1px !important;border-bottom-width: 1px !important;border-left-width: 1px !important;padding-right: 10px !important;padding-left: 10px !important;}&#8221;][vc_column icons_position=&#8221;left&#8221; css=&#8221;.vc_custom_1671803005197{margin-bottom: 35px !important;}&#8221;][vc_separator color=&#8221;mulled_wine&#8221; border_width=&#8221;2&#8243; css=&#8221;.vc_custom_1671758180694{margin-top: 0px !important;margin-bottom: 0px !important;padding-top: 0px !important;padding-bottom: 0px !important;}&#8221;][\/vc_column][\/vc_row][vc_row css=&#8221;.vc_custom_1671795967666{padding-top: 60px !important;padding-bottom: 50px !important;background-image: url(https:\/\/esporteseguro.esp.br\/karate-fmk\/wp-content\/uploads\/2022\/12\/BG2.jpg?id=135) !important;background-position: top center !important;background-repeat: no-repeat !important;background-size: cover !important;}&#8221;][vc_column width=&#8221;1\/6&#8243; icons_position=&#8221;left&#8221;][\/vc_column][vc_column width=&#8221;2\/3&#8243; icons_position=&#8221;left&#8221;][vc_empty_space hide_on_desktop=&#8221;&#8221; hide_on_notebook=&#8221;&#8221; hide_on_tablet=&#8221;&#8221; hide_on_mobile=&#8221;&#8221;][vc_row_inner gap=&#8221;15&#8243;][vc_column_inner width=&#8221;1\/2&#8243; icons_position=&#8221;left&#8221; css=&#8221;.vc_custom_1671796430541{margin-top: 10px !important;padding-top: 10px !important;padding-bottom: 30px !important;}&#8221;][vc_column_text css=&#8221;.vc_custom_1671796468408{margin-right: 10px !important;margin-bottom: 0px !important;margin-left: 10px !important;padding-top: 10px !important;}&#8221;]<span style=\"color: #ffffff; font-size: 25px;\">Porque a Generali<\/span><\/p>\n<div style=\"height: 30px;\"><\/div>\n<p><span style=\"color: #ffffff; font-size: 45px; margin-top: 40px;\">Trieste, It\u00e1lia<\/span>[\/vc_column_text][vc_custom_heading text=&#8221;Onde tudo come\u00e7ou.&#8221; font_container=&#8221;tag:h2|font_size:60px|text_align:left|color:%23ffffff&#8221; use_theme_fonts=&#8221;yes&#8221; css=&#8221;.vc_custom_1671796503219{margin-top: 10px !important;margin-left: 10px !important;padding-top: 10px !important;}&#8221;][\/vc_column_inner][vc_column_inner width=&#8221;1\/2&#8243; icons_position=&#8221;left&#8221; css=&#8221;.vc_custom_1671794923274{padding-top: 40px !important;padding-bottom: 40px !important;background-color: #b91910 !important;}&#8221;][vc_column_text css=&#8221;.vc_custom_1671809821886{margin-right: 15px !important;margin-left: 15px !important;padding-top: 50px !important;padding-right: 10px !important;padding-left: 10px !important;}&#8221;]<\/p>\n<div align=\"justify\">\n<p><span style=\"color: #ffffff;\"><strong>Fundada em 1831 a Generali \u00e9 uma das maiores companhias de seguro do mundo, presente em mais de 50 pa\u00edses.<\/strong><\/span><\/p>\n<p><span style=\"color: #ffffff;\"><strong>Temos uma posi\u00e7\u00e3o de lideran\u00e7a na Europa e presen\u00e7a crescente na \u00c1sia e na Am\u00e9rica Latina.<\/strong><\/span><\/p>\n<p><span style=\"color: #ffffff;\"><strong>Realiza\u00e7\u00f5es inovadoras est\u00e3o no DNA da Generali Somos pioneiros em solu\u00e7\u00f5es de seguros para nossos clientes, desde a cobertura do <\/strong><\/span><span style=\"color: #ffffff;\"><strong>primeiro astronauta italiano at\u00e9 a elabora\u00e7\u00e3o do primeiro seguro cibern\u00e9tico.<\/strong><\/span><\/p>\n<\/div>\n<p>[\/vc_column_text][\/vc_column_inner][\/vc_row_inner][vc_single_image image=&#8221;161&#8243; img_size=&#8221;full&#8221; alignment=&#8221;right&#8221;][\/vc_column][vc_column width=&#8221;1\/6&#8243; icons_position=&#8221;left&#8221;][\/vc_column][\/vc_row][vc_row][vc_column icons_position=&#8221;left&#8221;][vc_empty_space height=&#8221;52px&#8221; hide_on_desktop=&#8221;&#8221; hide_on_notebook=&#8221;&#8221; hide_on_tablet=&#8221;&#8221; hide_on_mobile=&#8221;&#8221;][\/vc_column][\/vc_row][vc_row][vc_column icons_position=&#8221;left&#8221;][vc_row_inner][vc_column_inner icons_position=&#8221;left&#8221;][vc_custom_heading text=&#8221;Generali patrocinadora da atividade esportiva.&#8221; font_container=&#8221;tag:h3|font_size:25px|text_align:center|color:%23dd0b0b&#8221; google_fonts=&#8221;font_family:Open%20Sans%20Condensed%3A300%2C300italic%2C700|font_style:300%20light%20regular%3A300%3Anormal&#8221; css=&#8221;.vc_custom_1671798532047{margin-top: 0px !important;margin-right: 10px !important;margin-bottom: 15px !important;margin-left: 10px !important;padding-top: 0px !important;padding-bottom: 0px !important;}&#8221;][\/vc_column_inner][vc_column_inner width=&#8221;1\/3&#8243; icons_position=&#8221;left&#8221;][vc_single_image image=&#8221;163&#8243; img_size=&#8221;full&#8221; alignment=&#8221;center&#8221;][\/vc_column_inner][vc_column_inner width=&#8221;1\/3&#8243; icons_position=&#8221;left&#8221;][vc_single_image image=&#8221;164&#8243; img_size=&#8221;full&#8221; alignment=&#8221;center&#8221;][\/vc_column_inner][vc_column_inner width=&#8221;1\/3&#8243; icons_position=&#8221;left&#8221;][vc_single_image image=&#8221;165&#8243; img_size=&#8221;full&#8221; alignment=&#8221;center&#8221;][\/vc_column_inner][\/vc_row_inner][\/vc_column][\/vc_row][vc_row][vc_column icons_position=&#8221;left&#8221;][vc_empty_space height=&#8221;52px&#8221; hide_on_desktop=&#8221;&#8221; hide_on_notebook=&#8221;&#8221; hide_on_tablet=&#8221;&#8221; hide_on_mobile=&#8221;&#8221;][\/vc_column][\/vc_row][vc_row][vc_column icons_position=&#8221;left&#8221;][vc_single_image image=&#8221;169&#8243; img_size=&#8221;full&#8221; alignment=&#8221;center&#8221;][\/vc_column][\/vc_row][vc_row][vc_column icons_position=&#8221;left&#8221;][vc_empty_space height=&#8221;52px&#8221; hide_on_desktop=&#8221;&#8221; hide_on_notebook=&#8221;&#8221; hide_on_tablet=&#8221;&#8221; hide_on_mobile=&#8221;&#8221;][\/vc_column][\/vc_row][vc_row][vc_column icons_position=&#8221;left&#8221;][vc_single_image image=&#8221;171&#8243; img_size=&#8221;full&#8221; alignment=&#8221;center&#8221;][\/vc_column][\/vc_row]<\/p>\n<\/div>","protected":false},"excerpt":{"rendered":"<p>[vc_row][vc_column icons_position=&#8221;left&#8221; css=&#8221;.vc_custom_1671753735731{border-bottom-width: 2px !important;}&#8221;][vc_row_inner][vc_column_inner width=&#8221;1\/3&#8243; icons_position=&#8221;left&#8221;][vc_single_image image=&#8221;58&#8243; img_size=&#8221;full&#8221; alignment=&#8221;center&#8221; onclick=&#8221;custom_link&#8221; link=&#8221;https:\/\/esporteseguro.esp.br\/karate-fmk\/&#8221;][\/vc_column_inner][vc_column_inner width=&#8221;1\/3&#8243; icons_position=&#8221;left&#8221;][vc_custom_heading text=&#8221;ESPORTE SEGURO&#8221; font_container=&#8221;tag:div|font_size:45px|text_align:center|color:%23000000|line_height:50px&#8221; google_fonts=&#8221;font_family:Open%20Sans%20Condensed%3A300%2C300italic%2C700|font_style:700%20bold%20regular%3A700%3Anormal&#8221; css=&#8221;.vc_custom_1671753634356{margin-top: 20px&hellip;<\/p>\n","protected":false},"author":1,"featured_media":0,"parent":0,"menu_order":0,"comment_status":"closed","ping_status":"closed","template":"blank-slate-template.php","meta":{"footnotes":""},"class_list":["post-455","page","type-page","status-publish","hentry"],"_links":{"self":[{"href":"https:\/\/esporteseguro.esp.br\/karate-fmk\/wp-json\/wp\/v2\/pages\/455","targetHints":{"allow":["GET"]}}],"collection":[{"href":"https:\/\/esporteseguro.esp.br\/karate-fmk\/wp-json\/wp\/v2\/pages"}],"about":[{"href":"https:\/\/esporteseguro.esp.br\/karate-fmk\/wp-json\/wp\/v2\/types\/page"}],"author":[{"embeddable":true,"href":"https:\/\/esporteseguro.esp.br\/karate-fmk\/wp-json\/wp\/v2\/users\/1"}],"replies":[{"embeddable":true,"href":"https:\/\/esporteseguro.esp.br\/karate-fmk\/wp-json\/wp\/v2\/comments?post=455"}],"version-history":[{"count":30,"href":"https:\/\/esporteseguro.esp.br\/karate-fmk\/wp-json\/wp\/v2\/pages\/455\/revisions"}],"predecessor-version":[{"id":500,"href":"https:\/\/esporteseguro.esp.br\/karate-fmk\/wp-json\/wp\/v2\/pages\/455\/revisions\/500"}],"wp:attachment":[{"href":"https:\/\/esporteseguro.esp.br\/karate-fmk\/wp-json\/wp\/v2\/media?parent=455"}],"curies":[{"name":"wp","href":"https:\/\/api.w.org\/{rel}","templated":true}]}}